{"id":29,"date":"2026-01-17T16:58:29","date_gmt":"2026-01-17T16:58:29","guid":{"rendered":"https:\/\/eco-novel.de\/?page_id=29"},"modified":"2026-01-18T00:22:45","modified_gmt":"2026-01-18T00:22:45","slug":"romane","status":"publish","type":"page","link":"https:\/\/eco-novel.de\/?page_id=29","title":{"rendered":"Romane nach Genres &#8211; \u00fcber Natur, Umwelt und Klima"},"content":{"rendered":"\n<p>Es gibt viele Arten von Romanen. Allein durch Genres und ihre Schwerpunkte von A wie Abenteuer bis Z wie Zukunft. Eco-Novel sucht in ausgew\u00e4hlten Genres nach den Geschichten zu Natur, Umwelt und Klima \u2013 insbesondere zu deren Schutz.<\/p>\n\n\n\n<p>Sowohl Natur, Umwelt und Klima als auch Roman-Genres lassen sich einerseits voneinander abgrenzen. Andererseits \u00fcberschneiden sie sich. Um die Suche nach einem passenden Roman zu erleichtern, werden ausgew\u00e4hlte Romane jeweils einem Genre und entweder Natur, Umwelt oder Klima zugeordnet.<\/p>\n\n\n\n<p>Genres, die aktuell hier erscheinen, umfassen: Krimis, Thriller, Gesellschaftsroman, Science-Fiction, Historienroman, Entwicklungsroman, Familienroman und Abenteuerroman.<\/p>\n\n\n\n<p>Sie lassen sich jeweils nach Natur, Umwelt und Klima filtern. Es kommen st\u00e4ndig neue B\u00fccher dazu, und perspektivisch wird es m\u00f6glich sein, zu bestimmten Themen aus Natur, Umwelt und Klima nachzulesen.&nbsp;<\/p>\n\n\n\n<p>Bisher dreht sich die Handlung der B\u00fccher aus der Sparte Natur vornehmlich um Artenschutz und Wildnis. Umweltthemen behandeln Verunreinigungen der Natur durch menschliche Einfl\u00fcsse, und auf das Klima gehen die Autor*innen mit den bereits sp\u00fcrbaren Auswirkungen des Klimawandels ein.<\/p>\n\n\n\n<p><\/p>\n","protected":false},"excerpt":{"rendered":"<p>Eeinerseits voneinander abgrenzen. Andererseits \u00fcberschneiden sie sich. Um die Suche nach einem passenden Roman zu erleichtern, werden ausgew\u00e4hlte Romane jeweils einem Genre und entweder Natur, Umwelt oder Klima zugeordnet. Genres, die aktuell hier erscheinen, umfassen: Krimis, Thriller, Gesellschaftsroman, Science-Fiction, Historienroman, Entwicklungsroman, Familienroman und Abenteuerroman. Sie lassen sich jeweils nach Natur, Umwelt und [\u2026]<\/p>\n","protected":false},"author":1,"featured_media":0,"parent":0,"menu_order":0,"comment_status":"closed","ping_status":"closed","template":"","meta":{"footnotes":""},"class_list":["post-29","page","type-page","status-publish","hentry","entry"],"_links":{"self":[{"href":"https:\/\/eco-novel.de\/index.php?rest_route=\/wp\/v2\/pages\/29","targetHints":{"allow":["GET"]}}],"collection":[{"href":"https:\/\/eco-novel.de\/index.php?rest_route=\/wp\/v2\/pages"}],"about":[{"href":"https:\/\/eco-novel.de\/index.php?rest_route=\/wp\/v2\/types\/page"}],"author":[{"embeddable":true,"href":"https:\/\/eco-novel.de\/index.php?rest_route=\/wp\/v2\/users\/1"}],"replies":[{"embeddable":true,"href":"https:\/\/eco-novel.de\/index.php?rest_route=%2Fwp%2Fv2%2Fcomments&post=29"}],"version-history":[{"count":7,"href":"https:\/\/eco-novel.de\/index.php?rest_route=\/wp\/v2\/pages\/29\/revisions"}],"predecessor-version":[{"id":101,"href":"https:\/\/eco-novel.de\/index.php?rest_route=\/wp\/v2\/pages\/29\/revisions\/101"}],"wp:attachment":[{"href":"https:\/\/eco-novel.de\/index.php?rest_route=%2Fwp%2Fv2%2Fmedia&parent=29"}],"curies":[{"name":"wp","href":"https:\/\/api.w.org\/{rel}","templated":true}]}}